{"id":1192,"date":"2025-06-18T12:09:56","date_gmt":"2025-06-18T10:09:56","guid":{"rendered":"https:\/\/www.bigblock-group.com\/plan-du-site\/"},"modified":"2026-02-12T12:15:29","modified_gmt":"2026-02-12T11:15:29","slug":"plan-du-site","status":"publish","type":"page","link":"https:\/\/www.bigblock-group.com\/en\/plan-du-site\/","title":{"rendered":"Sitemap"},"content":{"rendered":"\n<h1 class=\"wp-block-heading\">Sitemap<\/h1>\n\n\n\n<div  class=\"imcr-block-sitemap\" >\n\t<div class=\"imcr-block-sitemap__content\">\n\t\t<h2>Pages<\/h2><ul><li class=\"page_item page-item-1169\"><a href=\"https:\/\/www.bigblock-group.com\/en\/about-us\/\">About Us<\/a><\/li>\n<li class=\"page_item page-item-1172 current_page_parent\"><a href=\"https:\/\/www.bigblock-group.com\/en\/blog\/\">Blog<\/a><\/li>\n<li class=\"page_item page-item-1186\"><a href=\"https:\/\/www.bigblock-group.com\/en\/contact-us\/\">Contact Us<\/a><\/li>\n<li class=\"page_item page-item-1174\"><a href=\"https:\/\/www.bigblock-group.com\/en\/design-and-construction\/\">Design and Construction<\/a><\/li>\n<li class=\"page_item page-item-1071\"><a href=\"https:\/\/www.bigblock-group.com\/en\/electricity-valorization\/\">Electricity Valorization<\/a><\/li>\n<li class=\"page_item page-item-1176\"><a href=\"https:\/\/www.bigblock-group.com\/en\/faq\/\">FAQ<\/a><\/li>\n<li class=\"page_item page-item-1012\"><a href=\"https:\/\/www.bigblock-group.com\/en\/\">Homepage<\/a><\/li>\n<li class=\"page_item page-item-1178\"><a href=\"https:\/\/www.bigblock-group.com\/en\/machines-containers\/\">Machines &#038; Containers<\/a><\/li>\n<li class=\"page_item page-item-1182\"><a href=\"https:\/\/www.bigblock-group.com\/en\/maintenance-training\/\">Maintenance &amp; Training<\/a><\/li>\n<li class=\"page_item page-item-1193\"><a href=\"https:\/\/www.bigblock-group.com\/en\/politique-de-confidentialite\/\">Privacy Policy<\/a><\/li>\n<li class=\"page_item page-item-1192\"><a href=\"https:\/\/www.bigblock-group.com\/en\/plan-du-site\/\">Sitemap<\/a><\/li>\n<li class=\"page_item page-item-1194\"><a href=\"https:\/\/www.bigblock-group.com\/en\/sites-hosting\/\">Sites &amp; Hosting<\/a><\/li>\n<\/ul>\n\t\t<h2>Articles<\/h2><ul><li><a href=\"https:\/\/www.bigblock-group.com\/en\/bitcoin\/faut-il-un-bitcoin-tricolore\/\">Do we need a tricolor bitcoin?<\/a><\/li><li><a href=\"https:\/\/www.bigblock-group.com\/en\/economy\/la-croissance-economique-du-salvador-passe-a-51-au-3eme-trimestre-2025\/\">El Salvador&#8217;s economic growth is projected to reach 5.1% in the third quarter of 2025.<\/a><\/li><li><a href=\"https:\/\/www.bigblock-group.com\/bitcoin\/faut-il-un-bitcoin-tricolore\/\">Faut-il un bitcoin tricolore ?<\/a><\/li><li><a href=\"https:\/\/www.bigblock-group.com\/economie\/la-croissance-economique-du-salvador-passe-a-51-au-3eme-trimestre-2025\/\">La croissance \u00e9conomique du Salvador passe \u00e0 5,1% au 3\u00e8me trimestre 2025.<\/a><\/li><li><a href=\"https:\/\/www.bigblock-group.com\/bitcoin\/la-fabuleuse-histoire-de-largent\/\">La fabuleuse histoire de l\u2019argent<\/a><\/li><li><a href=\"https:\/\/www.bigblock-group.com\/en\/bitcoin\/tout-le-reseau-bitcoin-pourrait-tourner-grace-aux-surplus-du-nucleaire-francais\/\">The entire Bitcoin network could run on surplus French nuclear power.<\/a><\/li><li><a href=\"https:\/\/www.bigblock-group.com\/en\/bitcoin\/la-fabuleuse-histoire-de-largent\/\">The Fabulous History of Money<\/a><\/li><li><a href=\"https:\/\/www.bigblock-group.com\/bitcoin\/tout-le-reseau-bitcoin-pourrait-tourner-grace-aux-surplus-du-nucleaire-francais\/\">Tout le r\u00e9seau Bitcoin pourrait tourner gr\u00e2ce aux surplus du nucl\u00e9aire fran\u00e7ais.<\/a><\/li><\/ul>\t<\/div>\n<\/div>\n","protected":false},"excerpt":{"rendered":"<p>Sitemap<\/p>\n","protected":false},"author":1,"featured_media":0,"parent":0,"menu_order":0,"comment_status":"closed","ping_status":"closed","template":"","meta":{"_acf_changed":false,"footnotes":""},"class_list":["post-1192","page","type-page","status-publish","hentry"],"acf":[],"yoast_head":"<!-- This site is optimized with the Yoast SEO plugin v26.9 - https:\/\/yoast.com\/product\/yoast-seo-wordpress\/ -->\n<title>Sitemap | BigBlock Group<\/title>\n<meta name=\"description\" content=\"Sitemap\" \/>\n<meta name=\"robots\" content=\"index, follow, max-snippet:-1, max-image-preview:large, max-video-preview:-1\" \/>\n<link rel=\"canonical\" href=\"https:\/\/www.bigblock-group.com\/en\/plan-du-site\/\" \/>\n<meta property=\"og:locale\" content=\"en_US\" \/>\n<meta property=\"og:type\" content=\"article\" \/>\n<meta property=\"og:title\" content=\"Sitemap | BigBlock Group\" \/>\n<meta property=\"og:description\" content=\"Sitemap\" \/>\n<meta property=\"og:url\" content=\"https:\/\/www.bigblock-group.com\/en\/plan-du-site\/\" \/>\n<meta property=\"og:site_name\" content=\"BigBlock Group\" \/>\n<meta property=\"article:modified_time\" content=\"2026-02-12T11:15:29+00:00\" \/>\n<meta property=\"og:image\" content=\"https:\/\/www.bigblock-group.com\/wp-content\/uploads\/group-4595.png\" \/>\n\t<meta property=\"og:image:width\" content=\"512\" \/>\n\t<meta property=\"og:image:height\" content=\"512\" \/>\n\t<meta property=\"og:image:type\" content=\"image\/png\" \/>\n<meta name=\"twitter:card\" content=\"summary_large_image\" \/>\n<meta name=\"twitter:label1\" content=\"Est. reading time\" \/>\n\t<meta name=\"twitter:data1\" content=\"1 minute\" \/>\n<script type=\"application\/ld+json\" class=\"yoast-schema-graph\">{\"@context\":\"https:\/\/schema.org\",\"@graph\":[{\"@type\":\"WebPage\",\"@id\":\"https:\/\/www.bigblock-group.com\/en\/plan-du-site\/\",\"url\":\"https:\/\/www.bigblock-group.com\/en\/plan-du-site\/\",\"name\":\"Sitemap | BigBlock Group\",\"isPartOf\":{\"@id\":\"https:\/\/www.bigblock-group.com\/en\/#website\"},\"datePublished\":\"2025-06-18T10:09:56+00:00\",\"dateModified\":\"2026-02-12T11:15:29+00:00\",\"description\":\"Sitemap\",\"breadcrumb\":{\"@id\":\"https:\/\/www.bigblock-group.com\/en\/plan-du-site\/#breadcrumb\"},\"inLanguage\":\"en-US\",\"potentialAction\":[{\"@type\":\"ReadAction\",\"target\":[\"https:\/\/www.bigblock-group.com\/en\/plan-du-site\/\"]}]},{\"@type\":\"BreadcrumbList\",\"@id\":\"https:\/\/www.bigblock-group.com\/en\/plan-du-site\/#breadcrumb\",\"itemListElement\":[{\"@type\":\"ListItem\",\"position\":1,\"name\":\"Home\",\"item\":\"https:\/\/www.bigblock-group.com\/en\/\"},{\"@type\":\"ListItem\",\"position\":2,\"name\":\"Sitemap\"}]},{\"@type\":\"WebSite\",\"@id\":\"https:\/\/www.bigblock-group.com\/en\/#website\",\"url\":\"https:\/\/www.bigblock-group.com\/en\/\",\"name\":\"BigBlock Group\",\"description\":\"\",\"publisher\":{\"@id\":\"https:\/\/www.bigblock-group.com\/en\/#organization\"},\"potentialAction\":[{\"@type\":\"SearchAction\",\"target\":{\"@type\":\"EntryPoint\",\"urlTemplate\":\"https:\/\/www.bigblock-group.com\/en\/?s={search_term_string}\"},\"query-input\":{\"@type\":\"PropertyValueSpecification\",\"valueRequired\":true,\"valueName\":\"search_term_string\"}}],\"inLanguage\":\"en-US\"},{\"@type\":\"Organization\",\"@id\":\"https:\/\/www.bigblock-group.com\/en\/#organization\",\"name\":\"BigBlock Group\",\"url\":\"https:\/\/www.bigblock-group.com\/en\/\",\"logo\":{\"@type\":\"ImageObject\",\"inLanguage\":\"en-US\",\"@id\":\"https:\/\/www.bigblock-group.com\/en\/#\/schema\/logo\/image\/\",\"url\":\"https:\/\/www.bigblock-group.com\/wp-content\/uploads\/logo-bb-white.svg\",\"contentUrl\":\"https:\/\/www.bigblock-group.com\/wp-content\/uploads\/logo-bb-white.svg\",\"width\":290,\"height\":96,\"caption\":\"BigBlock Group\"},\"image\":{\"@id\":\"https:\/\/www.bigblock-group.com\/en\/#\/schema\/logo\/image\/\"}}]}<\/script>\n<!-- \/ Yoast SEO plugin. -->","yoast_head_json":{"title":"Sitemap | BigBlock Group","description":"Sitemap","robots":{"index":"index","follow":"follow","max-snippet":"max-snippet:-1","max-image-preview":"max-image-preview:large","max-video-preview":"max-video-preview:-1"},"canonical":"https:\/\/www.bigblock-group.com\/en\/plan-du-site\/","og_locale":"en_US","og_type":"article","og_title":"Sitemap | BigBlock Group","og_description":"Sitemap","og_url":"https:\/\/www.bigblock-group.com\/en\/plan-du-site\/","og_site_name":"BigBlock Group","article_modified_time":"2026-02-12T11:15:29+00:00","og_image":[{"width":512,"height":512,"url":"https:\/\/www.bigblock-group.com\/wp-content\/uploads\/group-4595.png","type":"image\/png"}],"twitter_card":"summary_large_image","twitter_misc":{"Est. reading time":"1 minute"},"schema":{"@context":"https:\/\/schema.org","@graph":[{"@type":"WebPage","@id":"https:\/\/www.bigblock-group.com\/en\/plan-du-site\/","url":"https:\/\/www.bigblock-group.com\/en\/plan-du-site\/","name":"Sitemap | BigBlock Group","isPartOf":{"@id":"https:\/\/www.bigblock-group.com\/en\/#website"},"datePublished":"2025-06-18T10:09:56+00:00","dateModified":"2026-02-12T11:15:29+00:00","description":"Sitemap","breadcrumb":{"@id":"https:\/\/www.bigblock-group.com\/en\/plan-du-site\/#breadcrumb"},"inLanguage":"en-US","potentialAction":[{"@type":"ReadAction","target":["https:\/\/www.bigblock-group.com\/en\/plan-du-site\/"]}]},{"@type":"BreadcrumbList","@id":"https:\/\/www.bigblock-group.com\/en\/plan-du-site\/#breadcrumb","itemListElement":[{"@type":"ListItem","position":1,"name":"Home","item":"https:\/\/www.bigblock-group.com\/en\/"},{"@type":"ListItem","position":2,"name":"Sitemap"}]},{"@type":"WebSite","@id":"https:\/\/www.bigblock-group.com\/en\/#website","url":"https:\/\/www.bigblock-group.com\/en\/","name":"BigBlock Group","description":"","publisher":{"@id":"https:\/\/www.bigblock-group.com\/en\/#organization"},"potentialAction":[{"@type":"SearchAction","target":{"@type":"EntryPoint","urlTemplate":"https:\/\/www.bigblock-group.com\/en\/?s={search_term_string}"},"query-input":{"@type":"PropertyValueSpecification","valueRequired":true,"valueName":"search_term_string"}}],"inLanguage":"en-US"},{"@type":"Organization","@id":"https:\/\/www.bigblock-group.com\/en\/#organization","name":"BigBlock Group","url":"https:\/\/www.bigblock-group.com\/en\/","logo":{"@type":"ImageObject","inLanguage":"en-US","@id":"https:\/\/www.bigblock-group.com\/en\/#\/schema\/logo\/image\/","url":"https:\/\/www.bigblock-group.com\/wp-content\/uploads\/logo-bb-white.svg","contentUrl":"https:\/\/www.bigblock-group.com\/wp-content\/uploads\/logo-bb-white.svg","width":290,"height":96,"caption":"BigBlock Group"},"image":{"@id":"https:\/\/www.bigblock-group.com\/en\/#\/schema\/logo\/image\/"}}]}},"_links":{"self":[{"href":"https:\/\/www.bigblock-group.com\/en\/wp-json\/wp\/v2\/pages\/1192","targetHints":{"allow":["GET"]}}],"collection":[{"href":"https:\/\/www.bigblock-group.com\/en\/wp-json\/wp\/v2\/pages"}],"about":[{"href":"https:\/\/www.bigblock-group.com\/en\/wp-json\/wp\/v2\/types\/page"}],"author":[{"embeddable":true,"href":"https:\/\/www.bigblock-group.com\/en\/wp-json\/wp\/v2\/users\/1"}],"replies":[{"embeddable":true,"href":"https:\/\/www.bigblock-group.com\/en\/wp-json\/wp\/v2\/comments?post=1192"}],"version-history":[{"count":1,"href":"https:\/\/www.bigblock-group.com\/en\/wp-json\/wp\/v2\/pages\/1192\/revisions"}],"predecessor-version":[{"id":1307,"href":"https:\/\/www.bigblock-group.com\/en\/wp-json\/wp\/v2\/pages\/1192\/revisions\/1307"}],"wp:attachment":[{"href":"https:\/\/www.bigblock-group.com\/en\/wp-json\/wp\/v2\/media?parent=1192"}],"curies":[{"name":"wp","href":"https:\/\/api.w.org\/{rel}","templated":true}]}}